{"id":204,"date":"2025-08-24T12:15:43","date_gmt":"2025-08-24T12:15:43","guid":{"rendered":"https:\/\/andreaglockner.eu\/it\/?page_id=204"},"modified":"2025-11-29T20:50:31","modified_gmt":"2025-11-29T20:50:31","slug":"stampa","status":"publish","type":"page","link":"https:\/\/andreaglockner.eu\/it\/stampa\/","title":{"rendered":"Stampa"},"content":{"rendered":"\n<h2 class=\"wp-block-heading\">2025<\/h2>\n\n\n\n<p>\u00ab <em>Che concerto mozzafiato per brio, energia e inventiva, il tipo di serata che riscalda il cuore e le orecchie, le cui vibrazioni positive ci accompagnano a lungo!<\/em> \u00bb <strong>Martine Omi\u00e9cinski, <a href=\"https:\/\/lagazettebleuedactionjazz.fr\/andrea-glockner-4tet-joseph-bowieau-rocher-de-palmer-au-rocher\/\" target=\"_blank\" rel=\"noreferrer noopener\">La Gazette bleue, Action Jazz<\/a> (Francia).<\/strong><\/p>\n\n\n\n<p><em>\u00ab<\/em> <em>Jazz d\u2019avanguardia e meditativo da un lato; groove ispirato a James Brown e George Clinton, che trova un naturale proseguimento nell\u2019hip-hop, dall\u2019altro\u2026 Una musica che parla tanto al corpo quanto all\u2019anima. \u00bb  <\/em><strong>Christophe Loubes, <a href=\"https:\/\/www.sudouest.fr\/culture\/sortir-a-bordeaux\/musique-a-bordeaux-andrea-glockner-et-joseph-bowie-deux-generations-pour-un-meme-groove-jazz-funk-26417131.php\" target=\"_blank\" rel=\"noreferrer noopener\">Sud-Ouest<\/a> (Francia)<\/strong><\/p>\n\n\n\n<p>\u00ab&nbsp;<em><em>Ecco &#8220;Swiss Interval&#8221; che anch&#8217;esso sviluppa il suo discorso per pi\u00f9 di dodici minuti, Pharoah non \u00e8 molto lontano, groova al suono ottone cos\u00ec particolare della tromba bassa che \u00e8 la firma di Andrea.<\/em> <em>&#8230; L&#8217;album si conclude con &#8220;Playground&#8221;, un brano molto soul con un tocco hip hop dato dalla voce di Bowie. \u00c8 caldo e swinga alla grande.<\/em> <\/em> \u00bb <strong>Philippe Desmond, <a href=\"https:\/\/blog.lagazettebleuedactionjazz.fr\/jazz-et-cinema-italien-across-the-lines-4tet-et-film-7-8\" target=\"_blank\" rel=\"noreferrer noopener\">Action Jazz<\/a> (Francia)<\/strong><\/p>\n\n\n\n<p>\u00ab <em>Un album sorprendente, grazie alla variet\u00e0 di stili\u2026 Dieci tracce su dieci, piene di cambi ritmici incorporati. Andrea alla tromba bassa con improvvisazioni da urlo: un linguaggio jazz cos\u00ec folle e una padronanza totale dello strumento, che suono profondo e ricco ha!<\/em> \u00bb <strong>Miquel Tuset Mallol, <a href=\"https:\/\/jazzclubdenit.blogspot.com\/2025\/03\/programa-631-italy-jazz-fattori.html\" target=\"_blank\" rel=\"noreferrer noopener\">Jazz Club De Nit Radio<\/a> (Spagna)<\/strong><\/p>\n\n\n\n<p>\u00ab <em>Il trombonista diventa sempre pi\u00f9 espressivo nel suo modo di suonare; \u00e8 chiaro che lascia spazio al suo quartetto per esplorare.<\/em> \u00bb <strong>Ferdinand Dupuis-Panther, <a href=\"https:\/\/www.jazzhalo.be\/reviews\/cdlpk7-reviews\/various\/dodicilune-x-2\/?fbclid=IwY2xjawKF7BRleHRuA2FlbQIxMQABHgA55X1vfjgWAozsZzZZt3l4NNTOLWChPhoIxaOLovwjeiBqIPrtFmdHmRLc_aem_MNz7tIn98rF5n_fpDtW60g\" target=\"_blank\" rel=\"noreferrer noopener\">Jazz\u2019halo<\/a> (Belgio)<\/strong><\/p>\n\n\n\n<p>\u00ab <em>Non si pu<\/em><em>\u00f2<\/em><em> non apprezzare il senso del groove del suo quartetto, grazie anche al tocco impressionante della solida bassista Silvia Bolognesi. \u2026 Spiccano in particolare quattro brani registrati spontaneamente, la cui impronta ritmica oscilla tra vivaci sequenze funk e momenti pi\u00f9 introspettivi, che favoriscono brillanti scambi tra ottoni e tastiere, vivacizzati dalle vocalizzazioni sfrenate di Joseph Bowie e da alcuni scambi tra tromboni davvero godibili. Una sessione le cui qualit\u00e0 principali risiedono tanto nel suono collettivo quanto nell\u2019indiscutibile maestria di Glockner. \u00bb <\/em><strong>Jean-Pierre Vidal, <a href=\"https:\/\/andreaglockner.eu\/wp-content\/uploads\/2025\/08\/review_jazz_mag-scaled.jpg\" target=\"_blank\" rel=\"noreferrer noopener\">Jazz Magazine<\/a> (Francia)<\/strong><\/p>\n\n\n\n<p><em>\u00ab &#8220;Across The Lines&#8221; \u00e8 un\u2019opera multitematica che trascende il semplice ascolto per diventare una pratica compenetrante e condivisa, dispensando un mix di energia, inventiva e rispetto per la tradizione idiomatica. Andrea Glockner e il suo quartetto si attestano su una lettura del jazz che \u00e8 al contempo innovativa e intensamente radicata negli atti fondativi del vernacolo afro-americano. In un mondo spesso lacerato, il concept di Glockner e soci diventa un promemoria del potere unificante e salvifico della musica. \u00bb<\/em>&nbsp;<strong>Francesco Cataldo Verrina, <a href=\"https:\/\/doppiojazz.it\/wp\/2025\/05\/16\/andrea-glockner-con-across-the-lines-feat-joseph-bowie-un-promemoria-della-potenza-unificante-della-musica-dodicilune-2025\/\" target=\"_blank\" rel=\"noreferrer noopener\">Doppia Jazz<\/a> (Italia)<\/strong><\/p>\n\n\n\n<p><em>Ecco &#8220;Swiss Interval&#8221; che anch&#8217;esso sviluppa il suo discorso per pi\u00f9 di dodici minuti, Pharoah non \u00e8 molto lontano, groova al suono ottone cos\u00ec particolare della tromba bassa che \u00e8 la firma di Andrea.<\/em> <em>&#8230; L&#8217;album si conclude con &#8220;Playground&#8221;, un brano molto soul con un tocco hip hop dato dalla voce di Bowie. \u00c8 caldo e swinga alla grande.<\/em> <strong>Philippe Desmond pour <a href=\"https:\/\/blog.lagazettebleuedactionjazz.fr\/andrea-glockner-quartet-across-the-lines-feat-joseph-bowie\/?fbclid=IwY2xjawKF6vZleHRuA2FlbQIxMQABHjDpSfkKpBQyIfbUTSLD94vkqY5nHvwajwCI0NLcmTH8DQaHcdDozuU9w40E_aem_QCiayDE0OBsQWR5ql__WeQ\" target=\"_blank\" rel=\"noreferrer noopener\">Action Jazz<\/a>, (France) <\/strong><\/p>\n\n\n\n<p><em>\u00ab &#8220;Across the Lines&#8221; del Andrea Glockner Quartet \u00e8 proprio questo: la dimostrazione che il jazz, quando \u00e8 affidato a musicisti preparati, curiosi e maturi dal punto di vista compositivo, non solo resiste al tempo, ma lo attraversa, lo assorbe, si rinnova. Non \u00e8 un genere che si rifugia nella nostalgia, ma un linguaggio vivo, che continua ad allargarsi, ad accogliere nuove forme, nuovi ritmi, nuovi suoni \u2014 senza perdere l\u2019intensit\u00e0 del gesto, la lucidit\u00e0 dell\u2019ascolto, la voglia di raccontare. \u00c8 un disco che nasce dentro una tradizione e poi la supera, senza rinnegarla. E lo fa con naturalezza, senza bisogno di proclami. Solo suonando.<\/em><br><em>&#8220;Across the Lines&#8221; \u00e8 uno di quegli album che sfuggono a ogni classificazione rigida. Nasce nel jazz, certo, ma non ci resta confinato. Si muove con naturalezza tra pulsazioni funk, aperture liriche, richiami all\u2019hip-hop, intuizioni elettroniche che appaiono e svaniscono come lampi. Eppure, non \u00e8 mai una dimostrazione di stile, n\u00e9 una sfilata di generi: \u00e8 un flusso, un racconto fatto di atmosfere, di respiri e silenzi scelti con cura.<\/em><br><em>\u00c8 un disco che sembra chiederti di metterti comodo, ma anche di restare vigile. Perch\u00e9 sotto l\u2019apparente leggerezza si nasconde un pensiero profondo, una ricerca di senso che non ha paura di attraversare anche zone d\u2019ombra. Non c\u2019\u00e8 mai giudizio, per\u00f2. Solo domande aperte. Ed \u00e8 forse questa la cosa pi\u00f9 bella: il modo in cui &#8220;Across the Lines&#8221; ti coinvolge senza imporsi, lasciandoti lo spazio per sentire quello che vuoi \u2014 o che puoi \u2014 in quel momento.<\/em><br><em>Alla fine dell\u2019ascolto resta una sensazione strana e preziosa: quella di essere stati accompagnati, non travolti. Di aver fatto un viaggio breve ma intenso, in compagnia di qualcuno che sa suonare, ma prima ancora sa ascoltare. \u00bb <strong><a href=\"https:\/\/www.redapolismusic.com\/2025\/05\/andrea-glockner-quartet-feat-joseph.html?m=1\" target=\"_blank\" rel=\"noreferrer noopener\">Redapolis Music Blog<\/a> | Il blog di Luca Redapolis (Italia)<\/strong><\/em><\/p>\n\n\n\n<p><em>\u00ab Alcuni brani riescono veramente a trascendere i confini imposti dai generi in cui dividiamo (artificiosamente) il mondo della produzione musicale: &#8220;Across the Lines&#8221; \u00e8 sicuramente un disco da mettere nella vostra collezione nella sezione jazz, ma non so dirvi se old o new jazz; suggerisco poi di collocarlo non al centro della vostra biblioteca, ma vicino al reparto funky, non lontano dall\u2019hip-hop e nemmeno dal rock. Insomma non dovrebbe essere molto distante da dove avete collocato Tale Spinnin\u2019 dei Weather Report o Metal Fatigue di Allan Holdsworth: se poi volete farci felici, andata a guardare la distanza dal seminale Live in Seattle di John Coltrane con Pharoah Sanders. \u00bb <strong>Giancarlo Passarella | <a href=\"https:\/\/www.musicalnews.com\/2025\/05\/13\/andrea-glockner-quartet-across-the-lines-feat-joseph-bowie-dodiciline-dischi-ed579\" target=\"_blank\" rel=\"noreferrer noopener\">Musical News<\/a> (Italia)<\/strong><\/em><\/p>\n\n\n\n<p><strong>Radio \/ TV<\/strong><\/p>\n\n\n\n<p><a href=\"https:\/\/www.mixcloud.com\/WeAreOneJazz\/co-de-kloet-presents-injazz-radio-international-edition7-april-2025\" target=\"_blank\" rel=\"noreferrer noopener\">InJazz Radio<\/a> (NL), <a href=\"https:\/\/www.radiofrance.fr\/francemusique\/podcasts\/au-coeur-du-jazz\/frankfurt-radio-symphony-frankfurt-radio-big-band-jim-mcneely-primal-colors-4420442?fbclid=IwZXh0bgNhZW0CMTEAAR4dFd8XoXX8jtG9EmAO1_OpmMZY82z2oKn7SahnG8ELmWxjafS2vahBU9RWgQ_aem_29vpi97aJV63hD1aFzFdlA\" target=\"_blank\" rel=\"noreferrer noopener\">Radio Franc<\/a>e (FR), <a href=\"https:\/\/o2radio.ddns.net\/o2replay\/Emissions\/JAZZ%20D'ICI%20ET%20D'AILLEURS\/Andrea%20Glockner%203-6-2025.mp3\" target=\"_blank\" rel=\"noreferrer noopener\">O2 radio<\/a> (FR), <a href=\"https:\/\/jazzclubdenit.blogspot.com\/2025\/03\/programa-631-italy-jazz-fattori.html\" target=\"_blank\" rel=\"noreferrer noopener\">Jazz Club De Nit<\/a> (ES), Radiostart (IT), <a href=\"https:\/\/www.contattoradio.it\/playlist\/misterioso-sabato-22-e-domenica-23-marzo-2025\" target=\"_blank\" rel=\"noreferrer noopener\">Contattoradio<\/a> (IT), <a href=\"https:\/\/www.animajazz.eu\/wordpress\/animajazz-n-1174-di-venerdi-9-maggio\" target=\"_blank\" rel=\"noreferrer noopener\">Anima Jazz radio<\/a> (IT), <a href=\"https:\/\/youtu.be\/zGwl9HpN7pk?si=Ng_v6txndNn5YVom\" target=\"_blank\" rel=\"noreferrer noopener\">Telemia <\/a>(IT)<\/p>\n\n\n\n<h2 class=\"wp-block-heading\">2024<\/h2>\n\n\n\n<p>\u00ab&nbsp;<em>Un jazz moderno con un \u201cgroove\u201d di una grande ricchezza\u2026 cenni all\u2019hip-hop e rispetto per la storia del jazz\u2026 Coltrane non \u00e8 lontano nemmeno nelle folgorazioni della tromba bassa e del trombone, negli sviluppi molto free che arrivano con coerenza\u2026 una musica colorata, virtuosa e soprattutto melodica.<\/em> \u00bb <strong>Philippe Desmond, <a href=\"https:\/\/blog.lagazettebleuedactionjazz.fr\/jazz-et-cinema-italien-across-the-lines-4tet-et-film-7-8\" target=\"_blank\" rel=\"noreferrer noopener\">Action Jazz<\/a> (Francia)<\/strong><\/p>\n","protected":false},"excerpt":{"rendered":"<p>2025 \u00ab Che concerto mozzafiato per brio, energia e inventiva, il tipo di serata che riscalda il cuore e le orecchie, le cui vibrazioni positive ci accompagnano a lungo! \u00bb Martine Omi\u00e9cinski, La Gazette bleue, Action Jazz (Francia). \u00ab Jazz d\u2019avanguardia e meditativo da un lato; groove ispirato a James Brown e George Clinton, che [&hellip;]<\/p>\n","protected":false},"author":1,"featured_media":0,"parent":0,"menu_order":0,"comment_status":"closed","ping_status":"closed","template":"","meta":{"footnotes":""},"class_list":["post-204","page","type-page","status-publish","hentry"],"_links":{"self":[{"href":"https:\/\/andreaglockner.eu\/it\/wp-json\/wp\/v2\/pages\/204","targetHints":{"allow":["GET"]}}],"collection":[{"href":"https:\/\/andreaglockner.eu\/it\/wp-json\/wp\/v2\/pages"}],"about":[{"href":"https:\/\/andreaglockner.eu\/it\/wp-json\/wp\/v2\/types\/page"}],"author":[{"embeddable":true,"href":"https:\/\/andreaglockner.eu\/it\/wp-json\/wp\/v2\/users\/1"}],"replies":[{"embeddable":true,"href":"https:\/\/andreaglockner.eu\/it\/wp-json\/wp\/v2\/comments?post=204"}],"version-history":[{"count":4,"href":"https:\/\/andreaglockner.eu\/it\/wp-json\/wp\/v2\/pages\/204\/revisions"}],"predecessor-version":[{"id":264,"href":"https:\/\/andreaglockner.eu\/it\/wp-json\/wp\/v2\/pages\/204\/revisions\/264"}],"wp:attachment":[{"href":"https:\/\/andreaglockner.eu\/it\/wp-json\/wp\/v2\/media?parent=204"}],"curies":[{"name":"wp","href":"https:\/\/api.w.org\/{rel}","templated":true}]}}